{"id":206,"date":"2021-07-19T20:00:03","date_gmt":"2021-07-19T20:00:03","guid":{"rendered":"https:\/\/demo.clamos.de\/?page_id=206"},"modified":"2021-09-16T13:35:51","modified_gmt":"2021-09-16T13:35:51","slug":"kontakt","status":"publish","type":"page","link":"https:\/\/careerup-nextlevel.de\/?page_id=206","title":{"rendered":"Kontakt"},"content":{"rendered":"<p>[et_pb_section fb_built=&#8220;1&#8243; custom_padding_last_edited=&#8220;on|tablet&#8220; admin_label=&#8220;Header&#8220; _builder_version=&#8220;4.9.7&#8243; _module_preset=&#8220;default&#8220; background_color=&#8220;rgba(180,200,0,0.24)&#8220; background_color_gradient_direction=&#8220;90deg&#8220; width=&#8220;80%&#8220; width_tablet=&#8220;100%&#8220; width_phone=&#8220;&#8220; width_last_edited=&#8220;on|tablet&#8220; max_width=&#8220;1280px&#8220; module_alignment=&#8220;center&#8220; custom_padding=&#8220;0px|100px|||false|false&#8220; custom_padding_tablet=&#8220;|0px|||false|false&#8220; custom_padding_phone=&#8220;&#8220;][et_pb_row column_structure=&#8220;3_5,2_5&#8243; _builder_version=&#8220;4.9.7&#8243; _module_preset=&#8220;default&#8220; width=&#8220;100%&#8220; width_tablet=&#8220;80%&#8220; width_phone=&#8220;&#8220; width_last_edited=&#8220;on|tablet&#8220; max_width=&#8220;none&#8220; module_alignment=&#8220;left&#8220; custom_padding=&#8220;0px|||||&#8220; module_alignment_tablet=&#8220;center&#8220; module_alignment_phone=&#8220;&#8220; module_alignment_last_edited=&#8220;on|phone&#8220;][et_pb_column type=&#8220;3_5&#8243; _builder_version=&#8220;4.9.7&#8243; _module_preset=&#8220;default&#8220; background_color=&#8220;#b4c500&#8243; background_image=&#8220;https:\/\/careerup-nextlevel.de\/wp-content\/uploads\/2021\/07\/brokerage-firm-28.png&#8220; custom_padding=&#8220;100px|50px|100px|50px|true|true&#8220; custom_padding_tablet=&#8220;40px|30px|40px|30px|true|true&#8220; custom_padding_phone=&#8220;40px||40px||true|true&#8220; custom_padding_last_edited=&#8220;on|phone&#8220;][et_pb_text _builder_version=&#8220;4.9.7&#8243; _module_preset=&#8220;default&#8220; header_font=&#8220;PT Sans|700|||||||&#8220; header_font_size=&#8220;55px&#8220; header_line_height=&#8220;1.2em&#8220; background_layout=&#8220;dark&#8220; width=&#8220;110%&#8220; max_width=&#8220;100%&#8220; custom_padding=&#8220;|0px||||&#8220; header_font_size_tablet=&#8220;40px&#8220; header_font_size_phone=&#8220;22px&#8220; header_font_size_last_edited=&#8220;on|phone&#8220; locked=&#8220;off&#8220;]<\/p>\n<h1>Kontaktiere\u00a0uns<\/h1>\n<p>[\/et_pb_text][\/et_pb_column][et_pb_column type=&#8220;2_5&#8243; _builder_version=&#8220;4.8.1&#8243; _module_preset=&#8220;default&#8220; custom_padding=&#8220;120px||||false|false&#8220; custom_padding_tablet=&#8220;0px|0px||0px|false|true&#8220; custom_padding_phone=&#8220;|||||false&#8220; custom_padding_last_edited=&#8220;on|phone&#8220;][et_pb_blurb title=&#8220;HORBACH K\u00f6ln&#8220; _builder_version=&#8220;4.9.10&#8243; _module_preset=&#8220;default&#8220; custom_margin=&#8220;-68px||||false|false&#8220;]<\/p>\n<p>&nbsp;<\/p>\n<p><strong>Telefonnummer<\/strong><\/p>\n<p>0221 25927631<\/p>\n<p><strong>\u00d6ffnungszeiten<br \/><\/strong><\/p>\n<p>09:00 Uhr bis 21:00 Uhr<\/p>\n<p><strong>E-Mail-Adresse<\/strong><\/p>\n<p>team@careerup-nextlevel.de<\/p>\n<p><strong>Adresse<\/strong><\/p>\n<p>Hohenzollernring 2-10<br \/>K\u00f6ln Center am Ring<br \/>50672 K\u00f6ln<\/p>\n<p>[\/et_pb_blurb][\/et_pb_column][\/et_pb_row][et_pb_row column_structure=&#8220;1_3,1_3,1_3&#8243; _builder_version=&#8220;4.8.1&#8243; _module_preset=&#8220;default&#8220; locked=&#8220;off&#8220;][et_pb_column type=&#8220;1_3&#8243; _builder_version=&#8220;4.7.7&#8243; _module_preset=&#8220;default&#8220;][et_pb_blurb title=&#8220;Telefonnummer&#8220; use_icon=&#8220;on&#8220; font_icon=&#8220;%%264%%&#8220; icon_color=&#8220;#000000&#8243; use_icon_font_size=&#8220;on&#8220; icon_font_size=&#8220;32px&#8220; _builder_version=&#8220;4.9.10&#8243; _module_preset=&#8220;default&#8220; header_level=&#8220;h3&#8243; header_font=&#8220;PT Sans|600||on|||||&#8220; header_text_color=&#8220;#000000&#8243; header_font_size=&#8220;14px&#8220; header_letter_spacing=&#8220;2px&#8220; header_line_height=&#8220;1.4em&#8220; text_orientation=&#8220;center&#8220; animation=&#8220;off&#8220; header_font_size_tablet=&#8220;20px&#8220; header_font_size_phone=&#8220;16px&#8220; header_font_size_last_edited=&#8220;on|desktop&#8220; locked=&#8220;off&#8220;]<\/p>\n<p>0221 25927631<\/p>\n<p>[\/et_pb_blurb][\/et_pb_column][et_pb_column type=&#8220;1_3&#8243; _builder_version=&#8220;4.7.7&#8243; _module_preset=&#8220;default&#8220;][et_pb_blurb title=&#8220;E-mail&#8220; use_icon=&#8220;on&#8220; font_icon=&#8220;%%222%%&#8220; icon_color=&#8220;#000000&#8243; use_icon_font_size=&#8220;on&#8220; icon_font_size=&#8220;32px&#8220; _builder_version=&#8220;4.9.7&#8243; _module_preset=&#8220;default&#8220; header_level=&#8220;h3&#8243; header_font=&#8220;PT Sans|600||on|||||&#8220; header_text_color=&#8220;#000000&#8243; header_font_size=&#8220;14px&#8220; header_letter_spacing=&#8220;2px&#8220; header_line_height=&#8220;1.4em&#8220; body_link_text_color=&#8220;#000000&#8243; text_orientation=&#8220;center&#8220; animation=&#8220;off&#8220; header_font_size_tablet=&#8220;20px&#8220; header_font_size_phone=&#8220;16px&#8220; header_font_size_last_edited=&#8220;on|desktop&#8220; locked=&#8220;off&#8220;]<\/p>\n<p>team@careerup-nextlevel.de<\/p>\n<p>[\/et_pb_blurb][\/et_pb_column][et_pb_column type=&#8220;1_3&#8243; _builder_version=&#8220;4.7.7&#8243; _module_preset=&#8220;default&#8220;][et_pb_blurb title=&#8220;Standort&#8220; use_icon=&#8220;on&#8220; font_icon=&#8220;%%249%%&#8220; icon_color=&#8220;#000000&#8243; use_icon_font_size=&#8220;on&#8220; icon_font_size=&#8220;32px&#8220; _builder_version=&#8220;4.9.7&#8243; _module_preset=&#8220;default&#8220; header_level=&#8220;h3&#8243; header_font=&#8220;PT Sans|600||on|||||&#8220; header_text_color=&#8220;#000000&#8243; header_font_size=&#8220;14px&#8220; header_letter_spacing=&#8220;2px&#8220; header_line_height=&#8220;1.4em&#8220; body_link_text_color=&#8220;#000000&#8243; text_orientation=&#8220;center&#8220; animation=&#8220;off&#8220; header_font_size_tablet=&#8220;20px&#8220; header_font_size_phone=&#8220;16px&#8220; header_font_size_last_edited=&#8220;on|desktop&#8220; locked=&#8220;off&#8220;]<\/p>\n<p>K\u00f6ln &#8211; Rudolfplatz<\/p>\n<p>[\/et_pb_blurb][\/et_pb_column][\/et_pb_row][\/et_pb_section][et_pb_section fb_built=&#8220;1&#8243; custom_padding_last_edited=&#8220;off|desktop&#8220; admin_label=&#8220;Footer&#8220; module_id=&#8220;Kontakt&#8220; _builder_version=&#8220;4.9.10&#8243; _module_preset=&#8220;default&#8220; background_image=&#8220;https:\/\/careerup-nextlevel.de\/wp-content\/uploads\/2021\/07\/brokerage-firm-13.png&#8220; parallax=&#8220;on&#8220; parallax_method=&#8220;off&#8220; custom_padding=&#8220;54px||54px||true|&#8220; custom_padding_tablet=&#8220;60px||||false|false&#8220; custom_padding_phone=&#8220;40px||||false|false&#8220; saved_tabs=&#8220;all&#8220;][et_pb_row column_structure=&#8220;1_2,1_2&#8243; custom_padding_last_edited=&#8220;on|phone&#8220; module_id=&#8220;seminarKontakt&#8220; _builder_version=&#8220;4.9.7&#8243; _module_preset=&#8220;default&#8220; background_color=&#8220;#000000&#8243; background_image=&#8220;https:\/\/careerup-nextlevel.de\/wp-content\/uploads\/2021\/07\/brokerage-firm-13.png&#8220; parallax=&#8220;on&#8220; parallax_method=&#8220;off&#8220; width_tablet=&#8220;&#8220; width_phone=&#8220;100%&#8220; width_last_edited=&#8220;on|phone&#8220; custom_margin=&#8220;30px||30px||true|false&#8220; custom_padding=&#8220;48px|48px|48px|48px|true|true&#8220; custom_padding_tablet=&#8220;30px|30px|30px|30px|true|true&#8220; custom_padding_phone=&#8220;30px||30px||true|true&#8220; background_last_edited=&#8220;on|tablet&#8220; background_enable_image_tablet=&#8220;off&#8220; locked=&#8220;off&#8220;][et_pb_column type=&#8220;1_2&#8243; _builder_version=&#8220;4.7.7&#8243; _module_preset=&#8220;default&#8220;][et_pb_text _builder_version=&#8220;4.9.7&#8243; text_font=&#8220;|700|||||||&#8220; text_text_color=&#8220;#FFFFFF&#8220; text_font_size=&#8220;32px&#8220; text_line_height=&#8220;1.4em&#8220; header_text_color=&#8220;#FFFFFF&#8220; header_3_font=&#8220;PT Sans|600||on|||||&#8220; header_3_text_color=&#8220;#b4c800&#8243; header_3_font_size=&#8220;14px&#8220; header_3_letter_spacing=&#8220;2px&#8220; header_3_line_height=&#8220;1.4em&#8220; text_font_size_tablet=&#8220;24px&#8220; text_font_size_phone=&#8220;22px&#8220; text_font_size_last_edited=&#8220;on|phone&#8220; locked=&#8220;off&#8220;]<\/p>\n<h3>Telefonnummer<\/h3>\n<p><span> 0221 25927631<\/span><\/p>\n<p>[\/et_pb_text][et_pb_text _builder_version=&#8220;4.9.7&#8243; text_font=&#8220;|700|||||||&#8220; text_text_color=&#8220;#FFFFFF&#8220; text_font_size=&#8220;18px&#8220; text_line_height=&#8220;1.4em&#8220; link_text_color=&#8220;#FFFFFF&#8220; header_3_font=&#8220;PT Sans|600||on|||||&#8220; header_3_text_color=&#8220;#b4c800&#8243; header_3_font_size=&#8220;14px&#8220; header_3_letter_spacing=&#8220;2px&#8220; header_3_line_height=&#8220;1.4em&#8220; text_font_size_tablet=&#8220;24px&#8220; text_font_size_phone=&#8220;12px&#8220; text_font_size_last_edited=&#8220;on|phone&#8220; locked=&#8220;off&#8220;]<\/p>\n<h3>Email<\/h3>\n<p>team@careerup-nextlevel.de<\/p>\n<p>[\/et_pb_text][et_pb_text _builder_version=&#8220;4.9.10&#8243; text_font=&#8220;|700|||||||&#8220; text_text_color=&#8220;#FFFFFF&#8220; text_font_size=&#8220;18px&#8220; text_line_height=&#8220;1.4em&#8220; link_text_color=&#8220;#FFFFFF&#8220; header_text_color=&#8220;#B4C800&#8243; header_3_font=&#8220;PT Sans|600||on|||||&#8220; header_3_text_color=&#8220;#B4C800&#8243; header_3_font_size=&#8220;14px&#8220; header_3_letter_spacing=&#8220;2px&#8220; header_3_line_height=&#8220;1.4em&#8220; text_font_size_tablet=&#8220;&#8220; text_font_size_phone=&#8220;12px&#8220; text_font_size_last_edited=&#8220;on|phone&#8220; locked=&#8220;off&#8220;]<\/p>\n<h3>Adresse<\/h3>\n<p>Hohenzollernring 2-10<br \/><span>K\u00f6ln Center am Ring<\/span><br \/>50672 K\u00f6ln<\/p>\n<p>[\/et_pb_text][\/et_pb_column][et_pb_column type=&#8220;1_2&#8243; _builder_version=&#8220;4.7.7&#8243; _module_preset=&#8220;default&#8220;][et_pb_contact_form email=&#8220;team@careerup-nextlevel.de&#8220; title=&#8220;Anmeldung&#8220; custom_message=&#8220; %%Vorname%%, %%Nachname%%, %%Seminar%%, %%Email%%, %%Telefonnummer%%||et_pb_line_break_holder||&#8220; success_message=&#8220;Vielen Dank f\u00fcr dein Interesse an unseren Seminaren! Wir haben deine Anfrage erhalten und verarbeiten sie nun.&#8220; submit_button_text=&#8220;Anfrage senden&#8220; submit_button_text_tablet=&#8220;&#8220; submit_button_text_phone=&#8220;&#8220; submit_button_text_last_edited=&#8220;on|tablet&#8220; _builder_version=&#8220;4.9.10&#8243; _module_preset=&#8220;default&#8220; form_field_background_color=&#8220;rgba(0,0,0,0.05)&#8220; form_field_custom_padding=&#8220;10px||10px||true|false&#8220; form_field_font=&#8220;PT Sans||||||||&#8220; form_field_font_size=&#8220;14px&#8220; background_color=&#8220;#ffffff&#8220; custom_button=&#8220;on&#8220; button_text_size=&#8220;14px&#8220; button_text_color=&#8220;#FFFFFF&#8220; button_bg_color=&#8220;#74871E&#8220; button_border_width=&#8220;0px&#8220; button_border_radius=&#8220;0px&#8220; button_letter_spacing=&#8220;2px&#8220; button_font=&#8220;|600||on|||||&#8220; button_use_icon=&#8220;off&#8220; button_custom_margin=&#8220;15px||||false|false&#8220; button_custom_padding=&#8220;18px|40px|18px|40px|true|true&#8220; button_custom_padding_tablet=&#8220;15px|20px|15px|20px|true|true&#8220; button_custom_padding_phone=&#8220;10px|15px|10px|15px|true|true&#8220; button_custom_padding_last_edited=&#8220;on|phone&#8220; position_origin_a_last_edited=&#8220;off|desktop&#8220; position_origin_f_last_edited=&#8220;off|desktop&#8220; position_origin_r_last_edited=&#8220;off|desktop&#8220; width=&#8220;100%&#8220; custom_padding=&#8220;30px|30px|30px|30px|true|true&#8220; custom_padding_tablet=&#8220;40px|40px|40px|40px|true|true&#8220; custom_padding_phone=&#8220;10px|10px|10px|10px|true|true&#8220; custom_padding_last_edited=&#8220;on|phone&#8220; hover_enabled=&#8220;0&#8243; button_text_size_tablet=&#8220;&#8220; button_text_size_phone=&#8220;12px&#8220; button_text_size_last_edited=&#8220;on|desktop&#8220; positioning_tablet=&#8220;none&#8220; positioning_last_edited=&#8220;off|desktop&#8220; button_bg_color__hover=&#8220;#000000&#8243; button_bg_color__hover_enabled=&#8220;on|hover&#8220; sticky_enabled=&#8220;0&#8243;][et_pb_contact_field field_id=&#8220;Vorname&#8220; field_title=&#8220;Vorname&#8220; fullwidth_field=&#8220;on&#8220; _builder_version=&#8220;4.9.7&#8243; button_text_size__hover_enabled=&#8220;off&#8220; button_one_text_size__hover_enabled=&#8220;off&#8220; button_two_text_size__hover_enabled=&#8220;off&#8220; button_text_color__hover_enabled=&#8220;off&#8220; button_one_text_color__hover_enabled=&#8220;off&#8220; button_two_text_color__hover_enabled=&#8220;off&#8220; button_border_width__hover_enabled=&#8220;off&#8220; button_one_border_width__hover_enabled=&#8220;off&#8220; button_two_border_width__hover_enabled=&#8220;off&#8220; button_border_color__hover_enabled=&#8220;off&#8220; button_one_border_color__hover_enabled=&#8220;off&#8220; button_two_border_color__hover_enabled=&#8220;off&#8220; button_border_radius__hover_enabled=&#8220;off&#8220; button_one_border_radius__hover_enabled=&#8220;off&#8220; button_two_border_radius__hover_enabled=&#8220;off&#8220; button_letter_spacing__hover_enabled=&#8220;off&#8220; button_one_letter_spacing__hover_enabled=&#8220;off&#8220; button_two_letter_spacing__hover_enabled=&#8220;off&#8220; button_bg_color__hover_enabled=&#8220;off&#8220; button_one_bg_color__hover_enabled=&#8220;off&#8220; button_two_bg_color__hover_enabled=&#8220;off&#8220;][\/et_pb_contact_field][et_pb_contact_field field_id=&#8220;Nachname&#8220; field_title=&#8220;Nachname&#8220; fullwidth_field=&#8220;on&#8220; _builder_version=&#8220;4.9.7&#8243; _module_preset=&#8220;default&#8220;][\/et_pb_contact_field][et_pb_contact_field field_id=&#8220;Telefonnummer&#8220; field_title=&#8220;Telefonnummer&#8220; fullwidth_field=&#8220;on&#8220; _builder_version=&#8220;4.9.7&#8243; _module_preset=&#8220;default&#8220;][\/et_pb_contact_field][et_pb_contact_field field_id=&#8220;Email&#8220; field_title=&#8220;E-Mail-Adresse&#8220; field_type=&#8220;email&#8220; fullwidth_field=&#8220;on&#8220; _builder_version=&#8220;4.9.7&#8243; button_text_size__hover_enabled=&#8220;off&#8220; button_one_text_size__hover_enabled=&#8220;off&#8220; button_two_text_size__hover_enabled=&#8220;off&#8220; button_text_color__hover_enabled=&#8220;off&#8220; button_one_text_color__hover_enabled=&#8220;off&#8220; button_two_text_color__hover_enabled=&#8220;off&#8220; button_border_width__hover_enabled=&#8220;off&#8220; button_one_border_width__hover_enabled=&#8220;off&#8220; button_two_border_width__hover_enabled=&#8220;off&#8220; button_border_color__hover_enabled=&#8220;off&#8220; button_one_border_color__hover_enabled=&#8220;off&#8220; button_two_border_color__hover_enabled=&#8220;off&#8220; button_border_radius__hover_enabled=&#8220;off&#8220; button_one_border_radius__hover_enabled=&#8220;off&#8220; button_two_border_radius__hover_enabled=&#8220;off&#8220; button_letter_spacing__hover_enabled=&#8220;off&#8220; button_one_letter_spacing__hover_enabled=&#8220;off&#8220; button_two_letter_spacing__hover_enabled=&#8220;off&#8220; button_bg_color__hover_enabled=&#8220;off&#8220; button_one_bg_color__hover_enabled=&#8220;off&#8220; button_two_bg_color__hover_enabled=&#8220;off&#8220;][\/et_pb_contact_field][et_pb_contact_field field_id=&#8220;Seminar&#8220; field_title=&#8220; Seminare&#8220; field_type=&#8220;select&#8220; select_options=&#8220;%91{%22value%22:%22Steuern: Mittwoch, 13.10.21 \u2013 18:00 Uhr %22,%22checked%22:0,%22dragID%22:-1},{%22value%22:%22Gehaltsverhandlungen: Donnerstag, 21.10.21 \u2013 19:00 Uhr%22,%22checked%22:0,%22dragID%22:0},{%22value%22:%22Ganzheitliche Finanzplanung: Donnerstag, 28.10.21 \u2013 19:00 Uhr%22,%22checked%22:0,%22dragID%22:1},{%22value%22:%22Digitales Pr\u00e4sentieren: Montag, 01.11.21 \u2013 19:00 Uhr%22,%22checked%22:0,%22dragID%22:2},{%22value%22:%22Potentialanalyse: Dienstag, 09.11.21 \u2013 19:00 Uhr%22,%22checked%22:0,%22dragID%22:3},{%22value%22:%22Interesse an n\u00e4chsten Seminaren%22,%22checked%22:0,%22dragID%22:4}%93&#8243; fullwidth_field=&#8220;on&#8220; _builder_version=&#8220;4.9.10&#8243; _module_preset=&#8220;default&#8220; hover_enabled=&#8220;0&#8243; required_mark=&#8220;off&#8220; sticky_enabled=&#8220;0&#8243;][\/et_pb_contact_field][et_pb_contact_field field_id=&#8220;Field_6&#8243; field_title=&#8220;Datenschutz&#8220; field_type=&#8220;checkbox&#8220; checkbox_options=&#8220;%91{%22value%22:%22Ich akzeptiere die %22,%22checked%22:1,%22dragID%22:-1,%22link_url%22:%22https:\/\/careerup-nextlevel.de\/?page_id=307%22,%22link_text%22:%22Datenschutzerkl\u00e4rung%22}%93&#8243; fullwidth_field=&#8220;on&#8220; _builder_version=&#8220;4.9.10&#8243; _module_preset=&#8220;default&#8220; link_option_url=&#8220;https:\/\/careerup-nextlevel.de\/?page_id=307&#8243;][\/et_pb_contact_field][\/et_pb_contact_form][\/et_pb_column][\/et_pb_row][\/et_pb_section]<\/p>\n","protected":false},"excerpt":{"rendered":"<p>Kontaktiere\u00a0uns HORBACH K\u00f6ln &nbsp; Telefonnummer 0221 25927631 \u00d6ffnungszeiten 09:00 Uhr bis 21:00 Uhr E-Mail-Adresse team@careerup-nextlevel.de Adresse Hohenzollernring 2-10K\u00f6ln Center am Ring50672 K\u00f6ln &#xe090; Telefonnummer 0221 25927631 &#xe066; E-mail team@careerup-nextlevel.de &#xe081; Standort K\u00f6ln &#8211; Rudolfplatz Telefonnummer 0221 25927631 Email team@careerup-nextlevel.de Adresse Hohenzollernring 2-10K\u00f6ln Center am Ring50672 K\u00f6ln Anmeldung Vorname Nachname Telefonnummer E-Mail-Adresse Seminare SeminareSteuern: Mittwoch, 13.10.21 [&hellip;]<\/p>\n","protected":false},"author":1,"featured_media":0,"parent":0,"menu_order":0,"comment_status":"closed","ping_status":"closed","template":"","meta":{"_et_pb_use_builder":"on","_et_pb_old_content":"","_et_gb_content_width":"","footnotes":""},"class_list":["post-206","page","type-page","status-publish","hentry"],"_links":{"self":[{"href":"https:\/\/careerup-nextlevel.de\/index.php?rest_route=\/wp\/v2\/pages\/206","targetHints":{"allow":["GET"]}}],"collection":[{"href":"https:\/\/careerup-nextlevel.de\/index.php?rest_route=\/wp\/v2\/pages"}],"about":[{"href":"https:\/\/careerup-nextlevel.de\/index.php?rest_route=\/wp\/v2\/types\/page"}],"author":[{"embeddable":true,"href":"https:\/\/careerup-nextlevel.de\/index.php?rest_route=\/wp\/v2\/users\/1"}],"replies":[{"embeddable":true,"href":"https:\/\/careerup-nextlevel.de\/index.php?rest_route=%2Fwp%2Fv2%2Fcomments&post=206"}],"version-history":[{"count":29,"href":"https:\/\/careerup-nextlevel.de\/index.php?rest_route=\/wp\/v2\/pages\/206\/revisions"}],"predecessor-version":[{"id":823,"href":"https:\/\/careerup-nextlevel.de\/index.php?rest_route=\/wp\/v2\/pages\/206\/revisions\/823"}],"wp:attachment":[{"href":"https:\/\/careerup-nextlevel.de\/index.php?rest_route=%2Fwp%2Fv2%2Fmedia&parent=206"}],"curies":[{"name":"wp","href":"https:\/\/api.w.org\/{rel}","templated":true}]}}